{"id":335,"date":"2026-02-04T10:35:43","date_gmt":"2026-02-04T13:35:43","guid":{"rendered":"https:\/\/maqpassempilhadeiras.com.br\/?page_id=335"},"modified":"2026-03-27T10:58:51","modified_gmt":"2026-03-27T13:58:51","slug":"maquinas","status":"publish","type":"page","link":"https:\/\/maqpassempilhadeiras.com.br\/?page_id=335","title":{"rendered":"M\u00e1quinas"},"content":{"rendered":"\t\t<div data-elementor-type=\"wp-page\" data-elementor-id=\"335\" class=\"elementor elementor-335\">\n\t\t\t\t\t\t<section class=\"elementor-section elementor-top-section elementor-element elementor-element-03a311d elementor-section-height-min-height elementor-section-boxed elementor-section-height-default elementor-section-items-middle\" data-id=\"03a311d\" data-element_type=\"section\" data-e-type=\"section\" data-settings=\"{&quot;background_background&quot;:&quot;classic&quot;}\">\n\t\t\t\t\t\t\t<div class=\"elementor-background-overlay\"><\/div>\n\t\t\t\t\t\t\t<div class=\"elementor-container elementor-column-gap-default\">\n\t\t\t\t\t<div class=\"elementor-column elementor-col-100 elementor-top-column elementor-element elementor-element-4611e01\" data-id=\"4611e01\" data-element_type=\"column\" data-e-type=\"column\">\n\t\t\t<div class=\"elementor-widget-wrap elementor-element-populated\">\n\t\t\t\t\t\t<section class=\"elementor-section elementor-inner-section elementor-element elementor-element-0bc9657 elementor-section-boxed elementor-section-height-default elementor-section-height-default\" data-id=\"0bc9657\" data-element_type=\"section\" data-e-type=\"section\">\n\t\t\t\t\t\t<div class=\"elementor-container elementor-column-gap-default\">\n\t\t\t\t\t<div class=\"elementor-column elementor-col-100 elementor-inner-column elementor-element elementor-element-e6c5f91\" data-id=\"e6c5f91\" data-element_type=\"column\" data-e-type=\"column\">\n\t\t\t<div class=\"elementor-widget-wrap elementor-element-populated\">\n\t\t\t\t\t\t<div class=\"elementor-element elementor-element-d97815c elementor-widget-tablet__width-inherit elementor-invisible elementor-widget elementor-widget-heading\" data-id=\"d97815c\" data-element_type=\"widget\" data-e-type=\"widget\" data-settings=\"{&quot;_animation&quot;:&quot;fadeInUp&quot;,&quot;_animation_delay&quot;:1000}\" data-widget_type=\"heading.default\">\n\t\t\t\t\t<h1 class=\"elementor-heading-title elementor-size-default\">Compra de empilhadeiras<\/h1>\t\t\t\t<\/div>\n\t\t\t\t<div class=\"elementor-element elementor-element-a93cef2 elementor-widget__width-initial elementor-widget-tablet__width-inherit elementor-invisible elementor-widget elementor-widget-text-editor\" data-id=\"a93cef2\" data-element_type=\"widget\" data-e-type=\"widget\" data-settings=\"{&quot;_animation&quot;:&quot;fadeInUp&quot;,&quot;_animation_delay&quot;:1500}\" data-widget_type=\"text-editor.default\">\n\t\t\t\t\t\t\t\t\t<p data-start=\"370\" data-end=\"458\"><strong data-start=\"370\" data-end=\"458\">As melhores solu\u00e7\u00f5es em empilhadeiras para aumentar a produtividade da sua opera\u00e7\u00e3o.<\/strong><\/p>\t\t\t\t\t\t\t\t<\/div>\n\t\t\t\t<div class=\"elementor-element elementor-element-b2e3c04 elementor-align-center elementor-widget elementor-widget-button\" data-id=\"b2e3c04\" data-element_type=\"widget\" data-e-type=\"widget\" data-widget_type=\"button.default\">\n\t\t\t\t\t\t\t\t\t\t<a class=\"elementor-button elementor-button-link elementor-size-sm\" href=\"#\">\n\t\t\t\t\t\t<span class=\"elementor-button-content-wrapper\">\n\t\t\t\t\t\t\t\t\t<span class=\"elementor-button-text\">Fale conosco<\/span>\n\t\t\t\t\t<\/span>\n\t\t\t\t\t<\/a>\n\t\t\t\t\t\t\t\t<\/div>\n\t\t\t\t\t<\/div>\n\t\t<\/div>\n\t\t\t\t\t<\/div>\n\t\t<\/section>\n\t\t\t\t\t<\/div>\n\t\t<\/div>\n\t\t\t\t\t<\/div>\n\t\t<\/section>\n\t\t<div class=\"elementor-element elementor-element-45083dc e-flex e-con-boxed e-con e-parent\" data-id=\"45083dc\" data-element_type=\"container\" data-e-type=\"container\">\n\t\t\t\t\t<div class=\"e-con-inner\">\n\t\t<div class=\"elementor-element elementor-element-488ffd0 e-con-full e-flex e-con e-child\" data-id=\"488ffd0\" data-element_type=\"container\" data-e-type=\"container\">\n\t\t\t\t<div class=\"elementor-element elementor-element-f0d8ff3 eael-product-grid-column-2 elementor-widget elementor-widget-eicon-woocommerce\" data-id=\"f0d8ff3\" data-element_type=\"widget\" data-e-type=\"widget\" data-widget_type=\"eicon-woocommerce.default\">\n\t\t\t\t\t\n        <div class=\"eael-product-grid eael-product-default masonry\" id=\"eael-product-grid\" data-widget-id=\"f0d8ff3\" data-page-id=\"335\" data-nonce=\"6074186662\" >\n            <div class=\"woocommerce\">\n                <ul class=\"products eael-post-appender eael-post-appender-f0d8ff3\" data-ssi-desktop=\"no\" data-ssi-tablet=\"no\" data-ssi-mobile=\"no\" data-layout-mode=\"masonry\"><li class=\"product type-product post-347 status-publish first instock product_cat-sem-categoria has-post-thumbnail shipping-taxable product-type-external\">\n\t<a href=\"https:\/\/maqpassempilhadeiras.com.br\/?product=empilhadeira-hyster-70ft\" class=\"woocommerce-LoopProduct-link woocommerce-loop-product__link\"><img fetchpriority=\"high\" decoding=\"async\" width=\"225\" height=\"300\" src=\"https:\/\/maqpassempilhadeiras.com.br\/wp-content\/uploads\/2026\/02\/WhatsApp-Image-2026-02-04-at-16.18.23-2-225x300.jpeg\" class=\"attachment-medium size-medium\" alt=\"Empilhadeira Hyster 70FT\" srcset=\"https:\/\/maqpassempilhadeiras.com.br\/wp-content\/uploads\/2026\/02\/WhatsApp-Image-2026-02-04-at-16.18.23-2-225x300.jpeg 225w, https:\/\/maqpassempilhadeiras.com.br\/wp-content\/uploads\/2026\/02\/WhatsApp-Image-2026-02-04-at-16.18.23-2-600x800.jpeg 600w, https:\/\/maqpassempilhadeiras.com.br\/wp-content\/uploads\/2026\/02\/WhatsApp-Image-2026-02-04-at-16.18.23-2-768x1024.jpeg 768w, https:\/\/maqpassempilhadeiras.com.br\/wp-content\/uploads\/2026\/02\/WhatsApp-Image-2026-02-04-at-16.18.23-2-1152x1536.jpeg 1152w, https:\/\/maqpassempilhadeiras.com.br\/wp-content\/uploads\/2026\/02\/WhatsApp-Image-2026-02-04-at-16.18.23-2.jpeg 1200w\" sizes=\"(max-width: 225px) 100vw, 225px\" \/><h2 class=\"woocommerce-loop-product__title\">Empilhadeira Hyster 70FT<\/h2>\n<\/a><a href=\"https:\/\/wa.me\/554199290388?text=Ol\u00e1!%20Gostaria%20de%20mais%20informa\u00e7\u00f5es,%20por%20favor.\" aria-describedby=\"woocommerce_loop_add_to_cart_link_describedby_347\" data-quantity=\"1\" class=\"button product_type_external\" data-product_id=\"347\" data-product_sku=\"\" aria-label=\"Solicitar Or\u00e7amento\" rel=\"nofollow\">Solicitar Or\u00e7amento<\/a>\t<span id=\"woocommerce_loop_add_to_cart_link_describedby_347\" class=\"screen-reader-text\">\n\t\t\t<\/span>\n<\/li>\n<li class=\"product type-product post-324 status-publish instock product_cat-empilhadeira has-post-thumbnail shipping-taxable product-type-external\">\n\t<a href=\"https:\/\/maqpassempilhadeiras.com.br\/?product=empilhadeira-hyster-50xt\" class=\"woocommerce-LoopProduct-link woocommerce-loop-product__link\"><img decoding=\"async\" width=\"225\" height=\"300\" src=\"https:\/\/maqpassempilhadeiras.com.br\/wp-content\/uploads\/2026\/02\/IMG_8218-225x300.jpeg\" class=\"attachment-medium size-medium\" alt=\"Empilhadeira Hyster 50XT\" srcset=\"https:\/\/maqpassempilhadeiras.com.br\/wp-content\/uploads\/2026\/02\/IMG_8218-225x300.jpeg 225w, https:\/\/maqpassempilhadeiras.com.br\/wp-content\/uploads\/2026\/02\/IMG_8218-scaled-600x800.jpeg 600w, https:\/\/maqpassempilhadeiras.com.br\/wp-content\/uploads\/2026\/02\/IMG_8218-768x1024.jpeg 768w, https:\/\/maqpassempilhadeiras.com.br\/wp-content\/uploads\/2026\/02\/IMG_8218-1152x1536.jpeg 1152w, https:\/\/maqpassempilhadeiras.com.br\/wp-content\/uploads\/2026\/02\/IMG_8218-1536x2048.jpeg 1536w, https:\/\/maqpassempilhadeiras.com.br\/wp-content\/uploads\/2026\/02\/IMG_8218-scaled.jpeg 1920w\" sizes=\"(max-width: 225px) 100vw, 225px\" \/><h2 class=\"woocommerce-loop-product__title\">Empilhadeira Hyster 50XT<\/h2>\n<\/a><a href=\"https:\/\/wa.me\/554199290388?text=Ol\u00e1!%20Gostaria%20de%20mais%20informa\u00e7\u00f5es,%20por%20favor.\" aria-describedby=\"woocommerce_loop_add_to_cart_link_describedby_324\" data-quantity=\"1\" class=\"button product_type_external\" data-product_id=\"324\" data-product_sku=\"\" aria-label=\"Solicitar or\u00e7amento\" rel=\"nofollow\">Solicitar or\u00e7amento<\/a>\t<span id=\"woocommerce_loop_add_to_cart_link_describedby_324\" class=\"screen-reader-text\">\n\t\t\t<\/span>\n<\/li>\n<\/ul>            <\/div>\n        <\/div>\n\n        <script type=\"text\/javascript\">\n            jQuery(document).ready(function($) {\n                var $scope = jQuery(\".elementor-element-f0d8ff3\");\n                var $products = $('.products', $scope);\n                var $layout_mode = $products.data('layout-mode');\n                \n                if ( $layout_mode === 'masonry' ) {\n                    \/\/ init isotope\n                    var $isotope_products = $products.isotope({\n                        itemSelector: \"li.product\",\n                        layoutMode: $layout_mode,\n                        percentPosition: true\n                    });\n\n                    $isotope_products.imagesLoaded().progress( function() {\n                        $isotope_products.isotope('layout');\n                    })\n                    \n                }\n            });\n        <\/script>\n        \t\t\t\t<\/div>\n\t\t\t\t<\/div>\n\t\t<div class=\"elementor-element elementor-element-28e582b e-con-full e-flex e-con e-child\" data-id=\"28e582b\" data-element_type=\"container\" data-e-type=\"container\">\n\t\t\t\t<\/div>\n\t\t\t\t\t<\/div>\n\t\t\t\t<\/div>\n\t\t\t\t<\/div>\n\t\t","protected":false},"excerpt":{"rendered":"<p>Compra de empilhadeiras As melhores solu\u00e7\u00f5es em empilhadeiras para aumentar a produtividade da sua opera\u00e7\u00e3o. Fale conosco Empilhadeira Hyster 50XT Fale conosco<\/p>\n","protected":false},"author":1,"featured_media":0,"parent":0,"menu_order":0,"comment_status":"closed","ping_status":"closed","template":"elementor_header_footer","meta":{"_eb_attr":"","_joinchat":[],"footnotes":""},"class_list":["post-335","page","type-page","status-publish","hentry"],"_links":{"self":[{"href":"https:\/\/maqpassempilhadeiras.com.br\/index.php?rest_route=\/wp\/v2\/pages\/335","targetHints":{"allow":["GET"]}}],"collection":[{"href":"https:\/\/maqpassempilhadeiras.com.br\/index.php?rest_route=\/wp\/v2\/pages"}],"about":[{"href":"https:\/\/maqpassempilhadeiras.com.br\/index.php?rest_route=\/wp\/v2\/types\/page"}],"author":[{"embeddable":true,"href":"https:\/\/maqpassempilhadeiras.com.br\/index.php?rest_route=\/wp\/v2\/users\/1"}],"replies":[{"embeddable":true,"href":"https:\/\/maqpassempilhadeiras.com.br\/index.php?rest_route=%2Fwp%2Fv2%2Fcomments&post=335"}],"version-history":[{"count":10,"href":"https:\/\/maqpassempilhadeiras.com.br\/index.php?rest_route=\/wp\/v2\/pages\/335\/revisions"}],"predecessor-version":[{"id":366,"href":"https:\/\/maqpassempilhadeiras.com.br\/index.php?rest_route=\/wp\/v2\/pages\/335\/revisions\/366"}],"wp:attachment":[{"href":"https:\/\/maqpassempilhadeiras.com.br\/index.php?rest_route=%2Fwp%2Fv2%2Fmedia&parent=335"}],"curies":[{"name":"wp","href":"https:\/\/api.w.org\/{rel}","templated":true}]}}