{"id":68,"date":"2026-01-21T10:07:47","date_gmt":"2026-01-21T13:07:47","guid":{"rendered":"http:\/\/maqpassempilhadeiras.com.br\/?page_id=68"},"modified":"2026-01-22T00:13:10","modified_gmt":"2026-01-22T03:13:10","slug":"quemsomos","status":"publish","type":"page","link":"https:\/\/maqpassempilhadeiras.com.br\/?page_id=68","title":{"rendered":"Quem Somos"},"content":{"rendered":"\t\t<div data-elementor-type=\"wp-page\" data-elementor-id=\"68\" class=\"elementor elementor-68\">\n\t\t\t\t\t\t<section class=\"elementor-section elementor-top-section elementor-element elementor-element-7802b62 elementor-section-height-min-height elementor-section-boxed elementor-section-height-default elementor-section-items-middle\" data-id=\"7802b62\" data-element_type=\"section\" data-e-type=\"section\" data-settings=\"{&quot;background_background&quot;:&quot;classic&quot;}\">\n\t\t\t\t\t\t\t<div class=\"elementor-background-overlay\"><\/div>\n\t\t\t\t\t\t\t<div class=\"elementor-container elementor-column-gap-default\">\n\t\t\t\t\t<div class=\"elementor-column elementor-col-100 elementor-top-column elementor-element elementor-element-3145142\" data-id=\"3145142\" data-element_type=\"column\" data-e-type=\"column\">\n\t\t\t<div class=\"elementor-widget-wrap elementor-element-populated\">\n\t\t\t\t\t\t<section class=\"elementor-section elementor-inner-section elementor-element elementor-element-738b767 elementor-section-boxed elementor-section-height-default elementor-section-height-default\" data-id=\"738b767\" data-element_type=\"section\" data-e-type=\"section\">\n\t\t\t\t\t\t<div class=\"elementor-container elementor-column-gap-default\">\n\t\t\t\t\t<div class=\"elementor-column elementor-col-100 elementor-inner-column elementor-element elementor-element-b7cde5e\" data-id=\"b7cde5e\" data-element_type=\"column\" data-e-type=\"column\">\n\t\t\t<div class=\"elementor-widget-wrap elementor-element-populated\">\n\t\t\t\t\t\t<div class=\"elementor-element elementor-element-792aff7 elementor-widget-tablet__width-inherit elementor-invisible elementor-widget elementor-widget-heading\" data-id=\"792aff7\" data-element_type=\"widget\" data-e-type=\"widget\" data-settings=\"{&quot;_animation&quot;:&quot;fadeInUp&quot;,&quot;_animation_delay&quot;:1000}\" data-widget_type=\"heading.default\">\n\t\t\t\t\t<h1 class=\"elementor-heading-title elementor-size-default\">Quem somos<\/h1>\t\t\t\t<\/div>\n\t\t\t\t\t<\/div>\n\t\t<\/div>\n\t\t\t\t\t<\/div>\n\t\t<\/section>\n\t\t\t\t\t<\/div>\n\t\t<\/div>\n\t\t\t\t\t<\/div>\n\t\t<\/section>\n\t\t\t\t<section class=\"elementor-section elementor-top-section elementor-element elementor-element-a6f32e1 elementor-section-boxed elementor-section-height-default elementor-section-height-default\" data-id=\"a6f32e1\" data-element_type=\"section\" data-e-type=\"section\">\n\t\t\t\t\t\t\t<div class=\"elementor-background-overlay\"><\/div>\n\t\t\t\t\t\t\t<div class=\"elementor-container elementor-column-gap-default\">\n\t\t\t\t\t<div class=\"elementor-column elementor-col-100 elementor-top-column elementor-element elementor-element-a01f285\" data-id=\"a01f285\" data-element_type=\"column\" data-e-type=\"column\">\n\t\t\t<div class=\"elementor-widget-wrap elementor-element-populated\">\n\t\t\t\t\t\t<section class=\"elementor-section elementor-inner-section elementor-element elementor-element-6cf25d5 elementor-reverse-mobile elementor-section-boxed elementor-section-height-default elementor-section-height-default\" data-id=\"6cf25d5\" data-element_type=\"section\" data-e-type=\"section\">\n\t\t\t\t\t\t<div class=\"elementor-container elementor-column-gap-default\">\n\t\t\t\t\t<div class=\"elementor-column elementor-col-50 elementor-inner-column elementor-element elementor-element-e69fccf\" data-id=\"e69fccf\" data-element_type=\"column\" data-e-type=\"column\">\n\t\t\t<div class=\"elementor-widget-wrap elementor-element-populated\">\n\t\t\t\t\t\t<div class=\"elementor-element elementor-element-d6c4a8c elementor-widget elementor-widget-heading\" data-id=\"d6c4a8c\" data-element_type=\"widget\" data-e-type=\"widget\" data-widget_type=\"heading.default\">\n\t\t\t\t\t<h2 class=\"elementor-heading-title elementor-size-default\">A MAQPASS<\/h2>\t\t\t\t<\/div>\n\t\t\t\t<div class=\"elementor-element elementor-element-8cd1814 elementor-widget elementor-widget-text-editor\" data-id=\"8cd1814\" data-element_type=\"widget\" data-e-type=\"widget\" data-widget_type=\"text-editor.default\">\n\t\t\t\t\t\t\t\t\t<p>Desde sua funda\u00e7\u00e3o em Curitiba, a MAQPASS Empilhadeiras rapidamente se tornou refer\u00eancia no mercado nacional. Com expertise em pe\u00e7as, manuten\u00e7\u00e3o e loca\u00e7\u00e3o, constru\u00edmos nossa reputa\u00e7\u00e3o na base da confiabilidade e qualidade.<br \/><br \/>Nossa trajet\u00f3ria \u00e9 marcada pela inova\u00e7\u00e3o e pelo compromisso em oferecer solu\u00e7\u00f5es que n\u00e3o apenas atendem, mas superam as expectativas dos nossos clientes. Na MAQPASS, a seguran\u00e7a e a efici\u00eancia da sua opera\u00e7\u00e3o s\u00e3o a nossa prioridade.<\/p>\t\t\t\t\t\t\t\t<\/div>\n\t\t\t\t<div class=\"elementor-element elementor-element-ab37df0 elementor-widget elementor-widget-button\" data-id=\"ab37df0\" data-element_type=\"widget\" data-e-type=\"widget\" data-widget_type=\"button.default\">\n\t\t\t\t\t\t\t\t\t\t<a class=\"elementor-button elementor-button-link elementor-size-sm\" href=\"#\">\n\t\t\t\t\t\t<span class=\"elementor-button-content-wrapper\">\n\t\t\t\t\t\t\t\t\t<span class=\"elementor-button-text\">Fale conosco<\/span>\n\t\t\t\t\t<\/span>\n\t\t\t\t\t<\/a>\n\t\t\t\t\t\t\t\t<\/div>\n\t\t\t\t\t<\/div>\n\t\t<\/div>\n\t\t\t\t<div class=\"elementor-column elementor-col-50 elementor-inner-column elementor-element elementor-element-4ba1d3d\" data-id=\"4ba1d3d\" data-element_type=\"column\" data-e-type=\"column\">\n\t\t\t<div class=\"elementor-widget-wrap elementor-element-populated\">\n\t\t\t\t\t\t<div class=\"elementor-element elementor-element-6bed615 elementor-widget elementor-widget-image\" data-id=\"6bed615\" data-element_type=\"widget\" data-e-type=\"widget\" data-widget_type=\"image.default\">\n\t\t\t\t\t\t\t\t\t\t\t\t\t\t\t<img fetchpriority=\"high\" decoding=\"async\" width=\"800\" height=\"450\" src=\"http:\/\/maqpassempilhadeiras.com.br\/wp-content\/uploads\/2026\/01\/dssfsfsf-1024x576.png\" class=\"attachment-large size-large wp-image-232\" alt=\"\" srcset=\"http:\/\/maqpassempilhadeiras.com.br\/wp-content\/uploads\/2026\/01\/dssfsfsf-1024x576.png 1024w, http:\/\/maqpassempilhadeiras.com.br\/wp-content\/uploads\/2026\/01\/dssfsfsf-600x338.png 600w, http:\/\/maqpassempilhadeiras.com.br\/wp-content\/uploads\/2026\/01\/dssfsfsf-300x169.png 300w, http:\/\/maqpassempilhadeiras.com.br\/wp-content\/uploads\/2026\/01\/dssfsfsf-768x432.png 768w, http:\/\/maqpassempilhadeiras.com.br\/wp-content\/uploads\/2026\/01\/dssfsfsf-1536x864.png 1536w, http:\/\/maqpassempilhadeiras.com.br\/wp-content\/uploads\/2026\/01\/dssfsfsf.png 1920w\" sizes=\"(max-width: 800px) 100vw, 800px\" \/>\t\t\t\t\t\t\t\t\t\t\t\t\t\t\t<\/div>\n\t\t\t\t\t<\/div>\n\t\t<\/div>\n\t\t\t\t\t<\/div>\n\t\t<\/section>\n\t\t\t\t\t<\/div>\n\t\t<\/div>\n\t\t\t\t\t<\/div>\n\t\t<\/section>\n\t\t<div class=\"elementor-element elementor-element-c6b4c76 e-flex e-con-boxed e-con e-parent\" data-id=\"c6b4c76\" data-element_type=\"container\" data-e-type=\"container\">\n\t\t\t\t\t<div class=\"e-con-inner\">\n\t\t\t\t<div class=\"elementor-element elementor-element-52740a8 elementor-widget elementor-widget-google_maps\" data-id=\"52740a8\" data-element_type=\"widget\" data-e-type=\"widget\" data-widget_type=\"google_maps.default\">\n\t\t\t\t\t\t\t<div class=\"elementor-custom-embed\">\n\t\t\t<iframe loading=\"lazy\"\n\t\t\t\t\tsrc=\"https:\/\/maps.google.com\/maps?q=MAQPASS&#038;t=m&#038;z=18&#038;output=embed&#038;iwloc=near\"\n\t\t\t\t\ttitle=\"MAQPASS\"\n\t\t\t\t\taria-label=\"MAQPASS\"\n\t\t\t><\/iframe>\n\t\t<\/div>\n\t\t\t\t\t\t<\/div>\n\t\t\t\t\t<\/div>\n\t\t\t\t<\/div>\n\t\t\t\t<\/div>\n\t\t","protected":false},"excerpt":{"rendered":"<p>Quem somos A MAQPASS Desde sua funda\u00e7\u00e3o em Curitiba, a MAQPASS Empilhadeiras rapidamente se tornou refer\u00eancia no mercado nacional. Com expertise em pe\u00e7as, manuten\u00e7\u00e3o e loca\u00e7\u00e3o, constru\u00edmos nossa reputa\u00e7\u00e3o na base da confiabilidade e qualidade. Nossa trajet\u00f3ria \u00e9 marcada pela inova\u00e7\u00e3o e pelo compromisso em oferecer solu\u00e7\u00f5es que n\u00e3o apenas atendem, mas superam as expectativas [&hellip;]<\/p>\n","protected":false},"author":1,"featured_media":0,"parent":0,"menu_order":0,"comment_status":"closed","ping_status":"closed","template":"elementor_header_footer","meta":{"_eb_attr":"","_joinchat":[],"footnotes":""},"class_list":["post-68","page","type-page","status-publish","hentry"],"_links":{"self":[{"href":"https:\/\/maqpassempilhadeiras.com.br\/index.php?rest_route=\/wp\/v2\/pages\/68","targetHints":{"allow":["GET"]}}],"collection":[{"href":"https:\/\/maqpassempilhadeiras.com.br\/index.php?rest_route=\/wp\/v2\/pages"}],"about":[{"href":"https:\/\/maqpassempilhadeiras.com.br\/index.php?rest_route=\/wp\/v2\/types\/page"}],"author":[{"embeddable":true,"href":"https:\/\/maqpassempilhadeiras.com.br\/index.php?rest_route=\/wp\/v2\/users\/1"}],"replies":[{"embeddable":true,"href":"https:\/\/maqpassempilhadeiras.com.br\/index.php?rest_route=%2Fwp%2Fv2%2Fcomments&post=68"}],"version-history":[{"count":6,"href":"https:\/\/maqpassempilhadeiras.com.br\/index.php?rest_route=\/wp\/v2\/pages\/68\/revisions"}],"predecessor-version":[{"id":236,"href":"https:\/\/maqpassempilhadeiras.com.br\/index.php?rest_route=\/wp\/v2\/pages\/68\/revisions\/236"}],"wp:attachment":[{"href":"https:\/\/maqpassempilhadeiras.com.br\/index.php?rest_route=%2Fwp%2Fv2%2Fmedia&parent=68"}],"curies":[{"name":"wp","href":"https:\/\/api.w.org\/{rel}","templated":true}]}}