{"id":324,"date":"2026-02-04T10:10:53","date_gmt":"2026-02-04T13:10:53","guid":{"rendered":"https:\/\/maqpassempilhadeiras.com.br\/?post_type=product&#038;p=324"},"modified":"2026-02-04T11:21:31","modified_gmt":"2026-02-04T14:21:31","slug":"empilhadeira-hyster-50xt","status":"publish","type":"product","link":"https:\/\/maqpassempilhadeiras.com.br\/?product=empilhadeira-hyster-50xt","title":{"rendered":"Empilhadeira Hyster 50XT"},"content":{"rendered":"<p>Ano: 2022<br data-start=\"54\" data-end=\"57\" \/>Capacidade de Carga: 2.500 kg<br data-start=\"86\" data-end=\"89\" data-is-only-node=\"\" \/>Torre: 4.770 mm<br data-start=\"104\" data-end=\"107\" \/>Acess\u00f3rio: Deslocador Lateral<br data-start=\"136\" data-end=\"139\" \/>Motor: Mitsubishi PSI 2.4<br data-start=\"164\" data-end=\"167\" \/>Combust\u00edvel: GLP<br data-start=\"183\" data-end=\"186\" \/>Pneus: Maci\u00e7os<br data-start=\"200\" data-end=\"203\" \/>Hor\u00edmetro: 6.000 h<br data-start=\"221\" data-end=\"224\" \/>Valor \u00e0 Vista: R$ 90.000<\/p>\n","protected":false},"excerpt":{"rendered":"<p>Ano: 2022Capacidade de Carga: 2.500 kgTorre: 4.770 mmAcess\u00f3rio: Deslocador LateralMotor: Mitsubishi PSI 2.4Combust\u00edvel: GLPPneus: Maci\u00e7osHor\u00edmetro: 6.000 hValor \u00e0 Vista: R$ 90.000<\/p>\n","protected":false},"featured_media":325,"comment_status":"open","ping_status":"closed","template":"","meta":{"_eb_attr":"","_joinchat":[]},"product_brand":[],"product_cat":[18],"product_tag":[],"class_list":{"0":"post-324","1":"product","2":"type-product","3":"status-publish","4":"has-post-thumbnail","6":"product_cat-empilhadeira","8":"first","9":"instock","10":"shipping-taxable","11":"product-type-external"},"_links":{"self":[{"href":"https:\/\/maqpassempilhadeiras.com.br\/index.php?rest_route=\/wp\/v2\/product\/324","targetHints":{"allow":["GET"]}}],"collection":[{"href":"https:\/\/maqpassempilhadeiras.com.br\/index.php?rest_route=\/wp\/v2\/product"}],"about":[{"href":"https:\/\/maqpassempilhadeiras.com.br\/index.php?rest_route=\/wp\/v2\/types\/product"}],"replies":[{"embeddable":true,"href":"https:\/\/maqpassempilhadeiras.com.br\/index.php?rest_route=%2Fwp%2Fv2%2Fcomments&post=324"}],"wp:featuredmedia":[{"embeddable":true,"href":"https:\/\/maqpassempilhadeiras.com.br\/index.php?rest_route=\/wp\/v2\/media\/325"}],"wp:attachment":[{"href":"https:\/\/maqpassempilhadeiras.com.br\/index.php?rest_route=%2Fwp%2Fv2%2Fmedia&parent=324"}],"wp:term":[{"taxonomy":"product_brand","embeddable":true,"href":"https:\/\/maqpassempilhadeiras.com.br\/index.php?rest_route=%2Fwp%2Fv2%2Fproduct_brand&post=324"},{"taxonomy":"product_cat","embeddable":true,"href":"https:\/\/maqpassempilhadeiras.com.br\/index.php?rest_route=%2Fwp%2Fv2%2Fproduct_cat&post=324"},{"taxonomy":"product_tag","embeddable":true,"href":"https:\/\/maqpassempilhadeiras.com.br\/index.php?rest_route=%2Fwp%2Fv2%2Fproduct_tag&post=324"}],"curies":[{"name":"wp","href":"https:\/\/api.w.org\/{rel}","templated":true}]}}