{"id":347,"date":"2026-02-04T16:20:50","date_gmt":"2026-02-04T19:20:50","guid":{"rendered":"https:\/\/maqpassempilhadeiras.com.br\/?post_type=product&#038;p=347"},"modified":"2026-02-04T16:21:30","modified_gmt":"2026-02-04T19:21:30","slug":"empilhadeira-hyster-70ft","status":"publish","type":"product","link":"https:\/\/maqpassempilhadeiras.com.br\/?product=empilhadeira-hyster-70ft","title":{"rendered":"Empilhadeira Hyster 70FT"},"content":{"rendered":"<p>Ano: 2021<br data-start=\"55\" data-end=\"58\" \/>Capacidade de Carga: 3.500 kg<br data-start=\"87\" data-end=\"90\" data-is-only-node=\"\" \/>Torre: 4.770 mm<br data-start=\"105\" data-end=\"108\" \/>Acess\u00f3rio: Deslocador Lateral<br data-start=\"137\" data-end=\"140\" \/>Motor: Mitsubishi PSI 2.4<br data-start=\"165\" data-end=\"168\" \/>Combust\u00edvel: GLP<br data-start=\"184\" data-end=\"187\" \/>Pneus: Pneum\u00e1ticos<br data-start=\"205\" data-end=\"208\" \/>Hor\u00edmetro: 18.000 h<br data-start=\"227\" data-end=\"230\" \/>Valor \u00e0 Vista: R$ 110.000<\/p>\n","protected":false},"excerpt":{"rendered":"<p>Ano: 2021Capacidade de Carga: 3.500 kgTorre: 4.770 mmAcess\u00f3rio: Deslocador LateralMotor: Mitsubishi PSI 2.4Combust\u00edvel: GLPPneus: Pneum\u00e1ticosHor\u00edmetro: 18.000 hValor \u00e0 Vista: R$ 110.000<\/p>\n","protected":false},"featured_media":349,"comment_status":"open","ping_status":"closed","template":"","meta":{"_eb_attr":"","_joinchat":[]},"product_brand":[],"product_cat":[17],"product_tag":[],"class_list":{"0":"post-347","1":"product","2":"type-product","3":"status-publish","4":"has-post-thumbnail","6":"product_cat-sem-categoria","8":"first","9":"instock","10":"shipping-taxable","11":"product-type-external"},"_links":{"self":[{"href":"https:\/\/maqpassempilhadeiras.com.br\/index.php?rest_route=\/wp\/v2\/product\/347","targetHints":{"allow":["GET"]}}],"collection":[{"href":"https:\/\/maqpassempilhadeiras.com.br\/index.php?rest_route=\/wp\/v2\/product"}],"about":[{"href":"https:\/\/maqpassempilhadeiras.com.br\/index.php?rest_route=\/wp\/v2\/types\/product"}],"replies":[{"embeddable":true,"href":"https:\/\/maqpassempilhadeiras.com.br\/index.php?rest_route=%2Fwp%2Fv2%2Fcomments&post=347"}],"wp:featuredmedia":[{"embeddable":true,"href":"https:\/\/maqpassempilhadeiras.com.br\/index.php?rest_route=\/wp\/v2\/media\/349"}],"wp:attachment":[{"href":"https:\/\/maqpassempilhadeiras.com.br\/index.php?rest_route=%2Fwp%2Fv2%2Fmedia&parent=347"}],"wp:term":[{"taxonomy":"product_brand","embeddable":true,"href":"https:\/\/maqpassempilhadeiras.com.br\/index.php?rest_route=%2Fwp%2Fv2%2Fproduct_brand&post=347"},{"taxonomy":"product_cat","embeddable":true,"href":"https:\/\/maqpassempilhadeiras.com.br\/index.php?rest_route=%2Fwp%2Fv2%2Fproduct_cat&post=347"},{"taxonomy":"product_tag","embeddable":true,"href":"https:\/\/maqpassempilhadeiras.com.br\/index.php?rest_route=%2Fwp%2Fv2%2Fproduct_tag&post=347"}],"curies":[{"name":"wp","href":"https:\/\/api.w.org\/{rel}","templated":true}]}}